{"id":359,"date":"2020-07-03T23:35:27","date_gmt":"2020-07-03T21:35:27","guid":{"rendered":"http:\/\/www.praxis-goelz-satzinger.de\/praxis\/?page_id=359"},"modified":"2023-09-13T21:21:21","modified_gmt":"2023-09-13T19:21:21","slug":"igel-individuelle-gesundheitsleistungen","status":"publish","type":"page","link":"https:\/\/www.praxis-goelz-satzinger.de\/praxis\/igel-individuelle-gesundheitsleistungen\/","title":{"rendered":"IGeL &#8211; individuelle Gesundheitsleistungen"},"content":{"rendered":"\n<ul class=\"wp-block-list\">\n<li>Aufbauinjektionskuren<\/li>\n\n\n\n<li>Reiseimpfungen und Reisemedizinische Beratungen<\/li>\n\n\n\n<li>Vorsorgelaboruntersuchungen f\u00fcr Risiken bzgl Herzerkrankungen, Schlaganfall, Osteoporose, Prostatakrebs<\/li>\n\n\n\n<li>Hormonstatus der Sexualhormone<\/li>\n\n\n\n<li>Vorsorgeuntersuchungen au\u00dferhalb des Krankenkassen- Leistungsspektrums wie z.B. Ultraschalluntersuchungen auf Wunsch<\/li>\n\n\n\n<li>Kleinchirurgische Eingriffe bei kosmetisch st\u00f6renden Hautver\u00e4nderungen<\/li>\n\n\n\n<li>Tauchtauglichkeitsuntersuchungen nach GT\u00dcM<\/li>\n\n\n\n<li>Verl\u00e4ngerung der Fahrerlaubnis f\u00fcr LKW-F\u00fchrerschein der Klassen&nbsp;<a href=\"https:\/\/www.bussgeldkatalog.org\/fuehrerscheinklassen\/c1-fuehrerschein\/\">C1<\/a>,&nbsp;<a href=\"https:\/\/www.bussgeldkatalog.org\/fuehrerscheinklassen\/c1e-fuehrerschein\/\">C1E<\/a>,&nbsp;<a href=\"https:\/\/www.bussgeldkatalog.org\/fuehrerscheinklassen\/c-fuehrerschein\/\">C<\/a>&nbsp;und&nbsp;<a href=\"https:\/\/www.bussgeldkatalog.org\/fuehrerscheinklassen\/ce-fuehrerschein\/\">CE<\/a>&nbsp;sowie der Busf\u00fchrerschein der Klassen D1, D1E, D und DE<\/li>\n<\/ul>\n","protected":false},"excerpt":{"rendered":"<p><span class=\"more-link\"><a href=\"https:\/\/www.praxis-goelz-satzinger.de\/praxis\/igel-individuelle-gesundheitsleistungen\/\">Continue Reading<\/a><\/span><\/p>\n","protected":false},"author":1,"featured_media":571,"parent":0,"menu_order":0,"comment_status":"closed","ping_status":"closed","template":"","meta":{"footnotes":""},"class_list":["entry","author-admin","post-359","page","type-page","status-publish","has-post-thumbnail"],"yoast_head":"<!-- This site is optimized with the Yoast SEO plugin v27.4 - https:\/\/yoast.com\/product\/yoast-seo-wordpress\/ -->\n<title>IGeL - individuelle Gesundheitsleistungen -<\/title>\n<meta name=\"robots\" content=\"index, follow, max-snippet:-1, max-image-preview:large, max-video-preview:-1\" \/>\n<link rel=\"canonical\" href=\"https:\/\/www.praxis-goelz-satzinger.de\/praxis\/igel-individuelle-gesundheitsleistungen\/\" \/>\n<meta property=\"og:locale\" content=\"de_DE\" \/>\n<meta property=\"og:type\" content=\"article\" \/>\n<meta property=\"og:title\" content=\"IGeL - individuelle Gesundheitsleistungen -\" \/>\n<meta property=\"og:description\" content=\"Continue Reading\" \/>\n<meta property=\"og:url\" content=\"https:\/\/www.praxis-goelz-satzinger.de\/praxis\/igel-individuelle-gesundheitsleistungen\/\" \/>\n<meta property=\"article:modified_time\" content=\"2023-09-13T19:21:21+00:00\" \/>\n<meta property=\"og:image\" content=\"https:\/\/www.praxis-goelz-satzinger.de\/praxis\/wp-content\/uploads\/2020\/11\/IGEL-1440x500-1.jpg\" \/>\n\t<meta property=\"og:image:width\" content=\"1440\" \/>\n\t<meta property=\"og:image:height\" content=\"497\" \/>\n\t<meta property=\"og:image:type\" content=\"image\/jpeg\" \/>\n<meta name=\"twitter:card\" content=\"summary_large_image\" \/>\n<script type=\"application\/ld+json\" class=\"yoast-schema-graph\">{\"@context\":\"https:\\\/\\\/schema.org\",\"@graph\":[{\"@type\":\"WebPage\",\"@id\":\"https:\\\/\\\/www.praxis-goelz-satzinger.de\\\/praxis\\\/igel-individuelle-gesundheitsleistungen\\\/\",\"url\":\"https:\\\/\\\/www.praxis-goelz-satzinger.de\\\/praxis\\\/igel-individuelle-gesundheitsleistungen\\\/\",\"name\":\"IGeL - individuelle Gesundheitsleistungen -\",\"isPartOf\":{\"@id\":\"https:\\\/\\\/www.praxis-goelz-satzinger.de\\\/praxis\\\/#website\"},\"primaryImageOfPage\":{\"@id\":\"https:\\\/\\\/www.praxis-goelz-satzinger.de\\\/praxis\\\/igel-individuelle-gesundheitsleistungen\\\/#primaryimage\"},\"image\":{\"@id\":\"https:\\\/\\\/www.praxis-goelz-satzinger.de\\\/praxis\\\/igel-individuelle-gesundheitsleistungen\\\/#primaryimage\"},\"thumbnailUrl\":\"https:\\\/\\\/www.praxis-goelz-satzinger.de\\\/praxis\\\/wp-content\\\/uploads\\\/2020\\\/11\\\/IGEL-1440x500-1.jpg\",\"datePublished\":\"2020-07-03T21:35:27+00:00\",\"dateModified\":\"2023-09-13T19:21:21+00:00\",\"breadcrumb\":{\"@id\":\"https:\\\/\\\/www.praxis-goelz-satzinger.de\\\/praxis\\\/igel-individuelle-gesundheitsleistungen\\\/#breadcrumb\"},\"inLanguage\":\"de\",\"potentialAction\":[{\"@type\":\"ReadAction\",\"target\":[\"https:\\\/\\\/www.praxis-goelz-satzinger.de\\\/praxis\\\/igel-individuelle-gesundheitsleistungen\\\/\"]}]},{\"@type\":\"ImageObject\",\"inLanguage\":\"de\",\"@id\":\"https:\\\/\\\/www.praxis-goelz-satzinger.de\\\/praxis\\\/igel-individuelle-gesundheitsleistungen\\\/#primaryimage\",\"url\":\"https:\\\/\\\/www.praxis-goelz-satzinger.de\\\/praxis\\\/wp-content\\\/uploads\\\/2020\\\/11\\\/IGEL-1440x500-1.jpg\",\"contentUrl\":\"https:\\\/\\\/www.praxis-goelz-satzinger.de\\\/praxis\\\/wp-content\\\/uploads\\\/2020\\\/11\\\/IGEL-1440x500-1.jpg\",\"width\":1440,\"height\":497},{\"@type\":\"BreadcrumbList\",\"@id\":\"https:\\\/\\\/www.praxis-goelz-satzinger.de\\\/praxis\\\/igel-individuelle-gesundheitsleistungen\\\/#breadcrumb\",\"itemListElement\":[{\"@type\":\"ListItem\",\"position\":1,\"name\":\"Startseite\",\"item\":\"https:\\\/\\\/www.praxis-goelz-satzinger.de\\\/praxis\\\/\"},{\"@type\":\"ListItem\",\"position\":2,\"name\":\"IGeL &#8211; individuelle Gesundheitsleistungen\"}]},{\"@type\":\"WebSite\",\"@id\":\"https:\\\/\\\/www.praxis-goelz-satzinger.de\\\/praxis\\\/#website\",\"url\":\"https:\\\/\\\/www.praxis-goelz-satzinger.de\\\/praxis\\\/\",\"name\":\"Praxis Dr. G\u00f6lz \\\/ Dr. Satzinger\",\"description\":\"\",\"publisher\":{\"@id\":\"https:\\\/\\\/www.praxis-goelz-satzinger.de\\\/praxis\\\/#organization\"},\"potentialAction\":[{\"@type\":\"SearchAction\",\"target\":{\"@type\":\"EntryPoint\",\"urlTemplate\":\"https:\\\/\\\/www.praxis-goelz-satzinger.de\\\/praxis\\\/?s={search_term_string}\"},\"query-input\":{\"@type\":\"PropertyValueSpecification\",\"valueRequired\":true,\"valueName\":\"search_term_string\"}}],\"inLanguage\":\"de\"},{\"@type\":\"Organization\",\"@id\":\"https:\\\/\\\/www.praxis-goelz-satzinger.de\\\/praxis\\\/#organization\",\"name\":\"Praxis Dr. G\u00f6lz \\\/ Dr. Satzinger\",\"url\":\"https:\\\/\\\/www.praxis-goelz-satzinger.de\\\/praxis\\\/\",\"logo\":{\"@type\":\"ImageObject\",\"inLanguage\":\"de\",\"@id\":\"https:\\\/\\\/www.praxis-goelz-satzinger.de\\\/praxis\\\/#\\\/schema\\\/logo\\\/image\\\/\",\"url\":\"https:\\\/\\\/www.praxis-goelz-satzinger.de\\\/praxis\\\/wp-content\\\/uploads\\\/2021\\\/02\\\/cropped-GS_Logo_RGB-scaled-1.jpg\",\"contentUrl\":\"https:\\\/\\\/www.praxis-goelz-satzinger.de\\\/praxis\\\/wp-content\\\/uploads\\\/2021\\\/02\\\/cropped-GS_Logo_RGB-scaled-1.jpg\",\"width\":2560,\"height\":740,\"caption\":\"Praxis Dr. G\u00f6lz \\\/ Dr. Satzinger\"},\"image\":{\"@id\":\"https:\\\/\\\/www.praxis-goelz-satzinger.de\\\/praxis\\\/#\\\/schema\\\/logo\\\/image\\\/\"}}]}<\/script>\n<!-- \/ Yoast SEO plugin. -->","yoast_head_json":{"title":"IGeL - individuelle Gesundheitsleistungen -","robots":{"index":"index","follow":"follow","max-snippet":"max-snippet:-1","max-image-preview":"max-image-preview:large","max-video-preview":"max-video-preview:-1"},"canonical":"https:\/\/www.praxis-goelz-satzinger.de\/praxis\/igel-individuelle-gesundheitsleistungen\/","og_locale":"de_DE","og_type":"article","og_title":"IGeL - individuelle Gesundheitsleistungen -","og_description":"Continue Reading","og_url":"https:\/\/www.praxis-goelz-satzinger.de\/praxis\/igel-individuelle-gesundheitsleistungen\/","article_modified_time":"2023-09-13T19:21:21+00:00","og_image":[{"width":1440,"height":497,"url":"https:\/\/www.praxis-goelz-satzinger.de\/praxis\/wp-content\/uploads\/2020\/11\/IGEL-1440x500-1.jpg","type":"image\/jpeg"}],"twitter_card":"summary_large_image","schema":{"@context":"https:\/\/schema.org","@graph":[{"@type":"WebPage","@id":"https:\/\/www.praxis-goelz-satzinger.de\/praxis\/igel-individuelle-gesundheitsleistungen\/","url":"https:\/\/www.praxis-goelz-satzinger.de\/praxis\/igel-individuelle-gesundheitsleistungen\/","name":"IGeL - individuelle Gesundheitsleistungen -","isPartOf":{"@id":"https:\/\/www.praxis-goelz-satzinger.de\/praxis\/#website"},"primaryImageOfPage":{"@id":"https:\/\/www.praxis-goelz-satzinger.de\/praxis\/igel-individuelle-gesundheitsleistungen\/#primaryimage"},"image":{"@id":"https:\/\/www.praxis-goelz-satzinger.de\/praxis\/igel-individuelle-gesundheitsleistungen\/#primaryimage"},"thumbnailUrl":"https:\/\/www.praxis-goelz-satzinger.de\/praxis\/wp-content\/uploads\/2020\/11\/IGEL-1440x500-1.jpg","datePublished":"2020-07-03T21:35:27+00:00","dateModified":"2023-09-13T19:21:21+00:00","breadcrumb":{"@id":"https:\/\/www.praxis-goelz-satzinger.de\/praxis\/igel-individuelle-gesundheitsleistungen\/#breadcrumb"},"inLanguage":"de","potentialAction":[{"@type":"ReadAction","target":["https:\/\/www.praxis-goelz-satzinger.de\/praxis\/igel-individuelle-gesundheitsleistungen\/"]}]},{"@type":"ImageObject","inLanguage":"de","@id":"https:\/\/www.praxis-goelz-satzinger.de\/praxis\/igel-individuelle-gesundheitsleistungen\/#primaryimage","url":"https:\/\/www.praxis-goelz-satzinger.de\/praxis\/wp-content\/uploads\/2020\/11\/IGEL-1440x500-1.jpg","contentUrl":"https:\/\/www.praxis-goelz-satzinger.de\/praxis\/wp-content\/uploads\/2020\/11\/IGEL-1440x500-1.jpg","width":1440,"height":497},{"@type":"BreadcrumbList","@id":"https:\/\/www.praxis-goelz-satzinger.de\/praxis\/igel-individuelle-gesundheitsleistungen\/#breadcrumb","itemListElement":[{"@type":"ListItem","position":1,"name":"Startseite","item":"https:\/\/www.praxis-goelz-satzinger.de\/praxis\/"},{"@type":"ListItem","position":2,"name":"IGeL &#8211; individuelle Gesundheitsleistungen"}]},{"@type":"WebSite","@id":"https:\/\/www.praxis-goelz-satzinger.de\/praxis\/#website","url":"https:\/\/www.praxis-goelz-satzinger.de\/praxis\/","name":"Praxis Dr. G\u00f6lz \/ Dr. Satzinger","description":"","publisher":{"@id":"https:\/\/www.praxis-goelz-satzinger.de\/praxis\/#organization"},"potentialAction":[{"@type":"SearchAction","target":{"@type":"EntryPoint","urlTemplate":"https:\/\/www.praxis-goelz-satzinger.de\/praxis\/?s={search_term_string}"},"query-input":{"@type":"PropertyValueSpecification","valueRequired":true,"valueName":"search_term_string"}}],"inLanguage":"de"},{"@type":"Organization","@id":"https:\/\/www.praxis-goelz-satzinger.de\/praxis\/#organization","name":"Praxis Dr. G\u00f6lz \/ Dr. Satzinger","url":"https:\/\/www.praxis-goelz-satzinger.de\/praxis\/","logo":{"@type":"ImageObject","inLanguage":"de","@id":"https:\/\/www.praxis-goelz-satzinger.de\/praxis\/#\/schema\/logo\/image\/","url":"https:\/\/www.praxis-goelz-satzinger.de\/praxis\/wp-content\/uploads\/2021\/02\/cropped-GS_Logo_RGB-scaled-1.jpg","contentUrl":"https:\/\/www.praxis-goelz-satzinger.de\/praxis\/wp-content\/uploads\/2021\/02\/cropped-GS_Logo_RGB-scaled-1.jpg","width":2560,"height":740,"caption":"Praxis Dr. G\u00f6lz \/ Dr. Satzinger"},"image":{"@id":"https:\/\/www.praxis-goelz-satzinger.de\/praxis\/#\/schema\/logo\/image\/"}}]}},"_links":{"self":[{"href":"https:\/\/www.praxis-goelz-satzinger.de\/praxis\/wp-json\/wp\/v2\/pages\/359","targetHints":{"allow":["GET"]}}],"collection":[{"href":"https:\/\/www.praxis-goelz-satzinger.de\/praxis\/wp-json\/wp\/v2\/pages"}],"about":[{"href":"https:\/\/www.praxis-goelz-satzinger.de\/praxis\/wp-json\/wp\/v2\/types\/page"}],"author":[{"embeddable":true,"href":"https:\/\/www.praxis-goelz-satzinger.de\/praxis\/wp-json\/wp\/v2\/users\/1"}],"replies":[{"embeddable":true,"href":"https:\/\/www.praxis-goelz-satzinger.de\/praxis\/wp-json\/wp\/v2\/comments?post=359"}],"version-history":[{"count":11,"href":"https:\/\/www.praxis-goelz-satzinger.de\/praxis\/wp-json\/wp\/v2\/pages\/359\/revisions"}],"predecessor-version":[{"id":1342,"href":"https:\/\/www.praxis-goelz-satzinger.de\/praxis\/wp-json\/wp\/v2\/pages\/359\/revisions\/1342"}],"wp:featuredmedia":[{"embeddable":true,"href":"https:\/\/www.praxis-goelz-satzinger.de\/praxis\/wp-json\/wp\/v2\/media\/571"}],"wp:attachment":[{"href":"https:\/\/www.praxis-goelz-satzinger.de\/praxis\/wp-json\/wp\/v2\/media?parent=359"}],"curies":[{"name":"wp","href":"https:\/\/api.w.org\/{rel}","templated":true}]}}