{"id":432,"date":"2020-09-26T11:36:34","date_gmt":"2020-09-26T11:36:34","guid":{"rendered":"http:\/\/www.praxis-goelz-satzinger.de\/praxis\/?page_id=432"},"modified":"2021-12-16T23:04:13","modified_gmt":"2021-12-16T22:04:13","slug":"wlan-hotspot-fuer-patienten","status":"publish","type":"page","link":"https:\/\/www.praxis-goelz-satzinger.de\/praxis\/wlan-hotspot-fuer-patienten\/","title":{"rendered":"WLAN-Hotspot f\u00fcr Patienten"},"content":{"rendered":"\n<p><strong>Wartezeiten sinnvoll \u00fcberbr\u00fccken: Kostenlose WLAN-Nutzung in der Gemeinschaftspraxis.<br>Hotspot als Service f\u00fcr unsere gesch\u00e4tzten Patient(inn)en.<\/strong><\/p>\n\n\n\n<p>Wir freuen uns Ihnen in unserer Praxis einen kostenlosen WLAN Hotspot anbieten zu k\u00f6nnen. Leider lassen sich Wartezeiten in Arztpraxen kaum vermeiden. Ab sofort k\u00f6nnen Sie Ihre Wartezeit nutzen. \u00dcber unser WLAN k\u00f6nnen Sie sich vor und zwischen den Behandlungen im Internet informieren, Ihre E-Mails pr\u00fcfen und beantworten, Chatten, per Voice over IP telefonieren. Facebook, Twitter, YouTube etc. k\u00f6nnen die Wartezeit unterhaltsam verk\u00fcrzen.<\/p>\n\n\n\n<p>Sie k\u00f6nnen sich jederzeit gerne mit unserem Hotspot verbinden. Das Funknetzwerk tr\u00e4gt den Namen &#8222;PraxisFreeWifi&#8220; und ben\u00f6tigt kein Passwort.<\/p>\n\n\n\n<p>Mit der Anmeldung Ihres Endger\u00e4tes an unserem Hotspot erkl\u00e4ren Sie sich mit folgenden Nutzungsbedingungen einverstanden:<\/p>\n\n\n\n<p><strong>Nutzungsbedingungen:<\/strong><\/p>\n\n\n\n<p>Missbr\u00e4uchliche Nutzung<\/p>\n\n\n\n<p>Eine&nbsp;missbr\u00e4uchliche Nutzung des HotSpot ist untersagt, insbesondere<\/p>\n\n\n\n<ul class=\"wp-block-list\"><li>die Verbreitung von rechts- oder sittenwidrigen Inhalten<\/li><li>die Nutzung von Peer-to-Peer Netzwerken<\/li><li>der Versuch des Eindringens in fremde Datennetze<\/li><li>der unaufgeforderte Nachrichtenversand (Spamming)<\/li><li>Einrichtungen zu benutzen oder Anwendungen auszuf\u00fchren, die zu St\u00f6rungen \/ Ver\u00e4nderungen an der physikalischen oder logischen Struktur des HotSpot-Server, des HotSpot-Netzes oder anderer Netze f\u00fchren oder f\u00fchren k\u00f6nnen<\/li><\/ul>\n\n\n\n<p>Bei schuldhafter Pflichtverletzung haftet der Kunde gegen\u00fcber dem Betreiber auf Schadenersatz. Die rechtlichen Rahmenbedingungen der Bundesrepublik Deutschland sind einzuhalten.<\/p>\n\n\n\n<p><strong>Datensicherheit<\/strong><\/p>\n\n\n\n<p>Die \u00dcbertragung der Daten von Ihrem Endger\u00e4t zu unserem Hotspot erfolgt verschl\u00fcsselt \u00fcber WPA oder WPA2. Eine NAT-Firewall stellt Basissicherheit f\u00fcr Ihr Ger\u00e4t zur Verf\u00fcgung, es erfolgt aber keine Filterung m\u00f6glicherweise schadhaften Inhalts, Schadsoftware, Spyware, Viren, Trojaner etc. DIe Kommunikation zwischen den Teilnehmern innerhalb des Funknetzwerkes wird aus Sicherheitsgr\u00fcnden unterbunden.<\/p>\n\n\n\n<p>Da das Arztgeheimnis auch die reine Anwesenheit in der Arztpraxis umfasst, werden bei unserem Hotspot keine nutzerbezogenen Daten erfasst. Aufgezeichnet werden lediglich der Zeitpunkt des Verbindungsaufbaus, die MAC-Adresse Ihres Endger\u00e4ts und die vergebene lokale IP-Adresse. Diese Daten dienen lediglich der statistischen Auswertung der Hotspot-Nutzung. Die Stabilit\u00e4t der Internetverbindung sollte keine Probleme machen, kann aber nicht garantiert werden.<\/p>\n\n\n\n<p><strong>Inhalt der Internetabrufe<\/strong><\/p>\n\n\n\n<p>Sie haften selbst f\u00fcr die Inhalte, die Sie aus dem Internet abrufen oder bereitstellen. Wir nehmen keine inhaltliche Pr\u00fcfung vor.<\/p>\n","protected":false},"excerpt":{"rendered":"<p>Wartezeiten sinnvoll \u00fcberbr\u00fccken: Kostenlose WLAN-Nutzung in der Gemeinschaftspraxis.Hotspot als Service f\u00fcr unsere gesch\u00e4tzten Patient(inn)en. Wir freuen uns Ihnen in unserer Praxis einen kostenlosen WLAN Hotspot anbieten zu k\u00f6nnen. Leider lassen sich Wartezeiten in Arztpraxen kaum vermeiden. Ab sofort k\u00f6nnen Sie Ihre Wartezeit nutzen. \u00dcber unser WLAN k\u00f6nnen Sie sich vor<span class=\"more-link\"><a href=\"https:\/\/www.praxis-goelz-satzinger.de\/praxis\/wlan-hotspot-fuer-patienten\/\">Continue Reading<\/a><\/span><\/p>\n","protected":false},"author":1,"featured_media":488,"parent":0,"menu_order":0,"comment_status":"closed","ping_status":"closed","template":"","meta":{"footnotes":""},"class_list":["entry","author-admin","post-432","page","type-page","status-publish","has-post-thumbnail"],"yoast_head":"<!-- This site is optimized with the Yoast SEO plugin v27.4 - https:\/\/yoast.com\/product\/yoast-seo-wordpress\/ -->\n<title>WLAN-Hotspot f\u00fcr Patienten -<\/title>\n<meta name=\"robots\" content=\"index, follow, max-snippet:-1, max-image-preview:large, max-video-preview:-1\" \/>\n<link rel=\"canonical\" href=\"https:\/\/www.praxis-goelz-satzinger.de\/praxis\/wlan-hotspot-fuer-patienten\/\" \/>\n<meta property=\"og:locale\" content=\"de_DE\" \/>\n<meta property=\"og:type\" content=\"article\" \/>\n<meta property=\"og:title\" content=\"WLAN-Hotspot f\u00fcr Patienten -\" \/>\n<meta property=\"og:description\" content=\"Wartezeiten sinnvoll \u00fcberbr\u00fccken: Kostenlose WLAN-Nutzung in der Gemeinschaftspraxis.Hotspot als Service f\u00fcr unsere gesch\u00e4tzten Patient(inn)en. Wir freuen uns Ihnen in unserer Praxis einen kostenlosen WLAN Hotspot anbieten zu k\u00f6nnen. Leider lassen sich Wartezeiten in Arztpraxen kaum vermeiden. Ab sofort k\u00f6nnen Sie Ihre Wartezeit nutzen. \u00dcber unser WLAN k\u00f6nnen Sie sich vorContinue Reading\" \/>\n<meta property=\"og:url\" content=\"https:\/\/www.praxis-goelz-satzinger.de\/praxis\/wlan-hotspot-fuer-patienten\/\" \/>\n<meta property=\"article:modified_time\" content=\"2021-12-16T22:04:13+00:00\" \/>\n<meta property=\"og:image\" content=\"https:\/\/www.praxis-goelz-satzinger.de\/praxis\/wp-content\/uploads\/2020\/10\/cell-phone-690192_1920.jpg\" \/>\n\t<meta property=\"og:image:width\" content=\"1440\" \/>\n\t<meta property=\"og:image:height\" content=\"350\" \/>\n\t<meta property=\"og:image:type\" content=\"image\/jpeg\" \/>\n<meta name=\"twitter:card\" content=\"summary_large_image\" \/>\n<meta name=\"twitter:label1\" content=\"Gesch\u00e4tzte Lesezeit\" \/>\n\t<meta name=\"twitter:data1\" content=\"2\u00a0Minuten\" \/>\n<script type=\"application\/ld+json\" class=\"yoast-schema-graph\">{\"@context\":\"https:\\\/\\\/schema.org\",\"@graph\":[{\"@type\":\"WebPage\",\"@id\":\"https:\\\/\\\/www.praxis-goelz-satzinger.de\\\/praxis\\\/wlan-hotspot-fuer-patienten\\\/\",\"url\":\"https:\\\/\\\/www.praxis-goelz-satzinger.de\\\/praxis\\\/wlan-hotspot-fuer-patienten\\\/\",\"name\":\"WLAN-Hotspot f\u00fcr Patienten -\",\"isPartOf\":{\"@id\":\"https:\\\/\\\/www.praxis-goelz-satzinger.de\\\/praxis\\\/#website\"},\"primaryImageOfPage\":{\"@id\":\"https:\\\/\\\/www.praxis-goelz-satzinger.de\\\/praxis\\\/wlan-hotspot-fuer-patienten\\\/#primaryimage\"},\"image\":{\"@id\":\"https:\\\/\\\/www.praxis-goelz-satzinger.de\\\/praxis\\\/wlan-hotspot-fuer-patienten\\\/#primaryimage\"},\"thumbnailUrl\":\"https:\\\/\\\/www.praxis-goelz-satzinger.de\\\/praxis\\\/wp-content\\\/uploads\\\/2020\\\/10\\\/cell-phone-690192_1920.jpg\",\"datePublished\":\"2020-09-26T11:36:34+00:00\",\"dateModified\":\"2021-12-16T22:04:13+00:00\",\"breadcrumb\":{\"@id\":\"https:\\\/\\\/www.praxis-goelz-satzinger.de\\\/praxis\\\/wlan-hotspot-fuer-patienten\\\/#breadcrumb\"},\"inLanguage\":\"de\",\"potentialAction\":[{\"@type\":\"ReadAction\",\"target\":[\"https:\\\/\\\/www.praxis-goelz-satzinger.de\\\/praxis\\\/wlan-hotspot-fuer-patienten\\\/\"]}]},{\"@type\":\"ImageObject\",\"inLanguage\":\"de\",\"@id\":\"https:\\\/\\\/www.praxis-goelz-satzinger.de\\\/praxis\\\/wlan-hotspot-fuer-patienten\\\/#primaryimage\",\"url\":\"https:\\\/\\\/www.praxis-goelz-satzinger.de\\\/praxis\\\/wp-content\\\/uploads\\\/2020\\\/10\\\/cell-phone-690192_1920.jpg\",\"contentUrl\":\"https:\\\/\\\/www.praxis-goelz-satzinger.de\\\/praxis\\\/wp-content\\\/uploads\\\/2020\\\/10\\\/cell-phone-690192_1920.jpg\",\"width\":1440,\"height\":350},{\"@type\":\"BreadcrumbList\",\"@id\":\"https:\\\/\\\/www.praxis-goelz-satzinger.de\\\/praxis\\\/wlan-hotspot-fuer-patienten\\\/#breadcrumb\",\"itemListElement\":[{\"@type\":\"ListItem\",\"position\":1,\"name\":\"Startseite\",\"item\":\"https:\\\/\\\/www.praxis-goelz-satzinger.de\\\/praxis\\\/\"},{\"@type\":\"ListItem\",\"position\":2,\"name\":\"WLAN-Hotspot f\u00fcr Patienten\"}]},{\"@type\":\"WebSite\",\"@id\":\"https:\\\/\\\/www.praxis-goelz-satzinger.de\\\/praxis\\\/#website\",\"url\":\"https:\\\/\\\/www.praxis-goelz-satzinger.de\\\/praxis\\\/\",\"name\":\"Praxis Dr. G\u00f6lz \\\/ Dr. Satzinger\",\"description\":\"\",\"publisher\":{\"@id\":\"https:\\\/\\\/www.praxis-goelz-satzinger.de\\\/praxis\\\/#organization\"},\"potentialAction\":[{\"@type\":\"SearchAction\",\"target\":{\"@type\":\"EntryPoint\",\"urlTemplate\":\"https:\\\/\\\/www.praxis-goelz-satzinger.de\\\/praxis\\\/?s={search_term_string}\"},\"query-input\":{\"@type\":\"PropertyValueSpecification\",\"valueRequired\":true,\"valueName\":\"search_term_string\"}}],\"inLanguage\":\"de\"},{\"@type\":\"Organization\",\"@id\":\"https:\\\/\\\/www.praxis-goelz-satzinger.de\\\/praxis\\\/#organization\",\"name\":\"Praxis Dr. G\u00f6lz \\\/ Dr. Satzinger\",\"url\":\"https:\\\/\\\/www.praxis-goelz-satzinger.de\\\/praxis\\\/\",\"logo\":{\"@type\":\"ImageObject\",\"inLanguage\":\"de\",\"@id\":\"https:\\\/\\\/www.praxis-goelz-satzinger.de\\\/praxis\\\/#\\\/schema\\\/logo\\\/image\\\/\",\"url\":\"https:\\\/\\\/www.praxis-goelz-satzinger.de\\\/praxis\\\/wp-content\\\/uploads\\\/2021\\\/02\\\/cropped-GS_Logo_RGB-scaled-1.jpg\",\"contentUrl\":\"https:\\\/\\\/www.praxis-goelz-satzinger.de\\\/praxis\\\/wp-content\\\/uploads\\\/2021\\\/02\\\/cropped-GS_Logo_RGB-scaled-1.jpg\",\"width\":2560,\"height\":740,\"caption\":\"Praxis Dr. G\u00f6lz \\\/ Dr. Satzinger\"},\"image\":{\"@id\":\"https:\\\/\\\/www.praxis-goelz-satzinger.de\\\/praxis\\\/#\\\/schema\\\/logo\\\/image\\\/\"}}]}<\/script>\n<!-- \/ Yoast SEO plugin. -->","yoast_head_json":{"title":"WLAN-Hotspot f\u00fcr Patienten -","robots":{"index":"index","follow":"follow","max-snippet":"max-snippet:-1","max-image-preview":"max-image-preview:large","max-video-preview":"max-video-preview:-1"},"canonical":"https:\/\/www.praxis-goelz-satzinger.de\/praxis\/wlan-hotspot-fuer-patienten\/","og_locale":"de_DE","og_type":"article","og_title":"WLAN-Hotspot f\u00fcr Patienten -","og_description":"Wartezeiten sinnvoll \u00fcberbr\u00fccken: Kostenlose WLAN-Nutzung in der Gemeinschaftspraxis.Hotspot als Service f\u00fcr unsere gesch\u00e4tzten Patient(inn)en. Wir freuen uns Ihnen in unserer Praxis einen kostenlosen WLAN Hotspot anbieten zu k\u00f6nnen. Leider lassen sich Wartezeiten in Arztpraxen kaum vermeiden. Ab sofort k\u00f6nnen Sie Ihre Wartezeit nutzen. \u00dcber unser WLAN k\u00f6nnen Sie sich vorContinue Reading","og_url":"https:\/\/www.praxis-goelz-satzinger.de\/praxis\/wlan-hotspot-fuer-patienten\/","article_modified_time":"2021-12-16T22:04:13+00:00","og_image":[{"width":1440,"height":350,"url":"https:\/\/www.praxis-goelz-satzinger.de\/praxis\/wp-content\/uploads\/2020\/10\/cell-phone-690192_1920.jpg","type":"image\/jpeg"}],"twitter_card":"summary_large_image","twitter_misc":{"Gesch\u00e4tzte Lesezeit":"2\u00a0Minuten"},"schema":{"@context":"https:\/\/schema.org","@graph":[{"@type":"WebPage","@id":"https:\/\/www.praxis-goelz-satzinger.de\/praxis\/wlan-hotspot-fuer-patienten\/","url":"https:\/\/www.praxis-goelz-satzinger.de\/praxis\/wlan-hotspot-fuer-patienten\/","name":"WLAN-Hotspot f\u00fcr Patienten -","isPartOf":{"@id":"https:\/\/www.praxis-goelz-satzinger.de\/praxis\/#website"},"primaryImageOfPage":{"@id":"https:\/\/www.praxis-goelz-satzinger.de\/praxis\/wlan-hotspot-fuer-patienten\/#primaryimage"},"image":{"@id":"https:\/\/www.praxis-goelz-satzinger.de\/praxis\/wlan-hotspot-fuer-patienten\/#primaryimage"},"thumbnailUrl":"https:\/\/www.praxis-goelz-satzinger.de\/praxis\/wp-content\/uploads\/2020\/10\/cell-phone-690192_1920.jpg","datePublished":"2020-09-26T11:36:34+00:00","dateModified":"2021-12-16T22:04:13+00:00","breadcrumb":{"@id":"https:\/\/www.praxis-goelz-satzinger.de\/praxis\/wlan-hotspot-fuer-patienten\/#breadcrumb"},"inLanguage":"de","potentialAction":[{"@type":"ReadAction","target":["https:\/\/www.praxis-goelz-satzinger.de\/praxis\/wlan-hotspot-fuer-patienten\/"]}]},{"@type":"ImageObject","inLanguage":"de","@id":"https:\/\/www.praxis-goelz-satzinger.de\/praxis\/wlan-hotspot-fuer-patienten\/#primaryimage","url":"https:\/\/www.praxis-goelz-satzinger.de\/praxis\/wp-content\/uploads\/2020\/10\/cell-phone-690192_1920.jpg","contentUrl":"https:\/\/www.praxis-goelz-satzinger.de\/praxis\/wp-content\/uploads\/2020\/10\/cell-phone-690192_1920.jpg","width":1440,"height":350},{"@type":"BreadcrumbList","@id":"https:\/\/www.praxis-goelz-satzinger.de\/praxis\/wlan-hotspot-fuer-patienten\/#breadcrumb","itemListElement":[{"@type":"ListItem","position":1,"name":"Startseite","item":"https:\/\/www.praxis-goelz-satzinger.de\/praxis\/"},{"@type":"ListItem","position":2,"name":"WLAN-Hotspot f\u00fcr Patienten"}]},{"@type":"WebSite","@id":"https:\/\/www.praxis-goelz-satzinger.de\/praxis\/#website","url":"https:\/\/www.praxis-goelz-satzinger.de\/praxis\/","name":"Praxis Dr. G\u00f6lz \/ Dr. Satzinger","description":"","publisher":{"@id":"https:\/\/www.praxis-goelz-satzinger.de\/praxis\/#organization"},"potentialAction":[{"@type":"SearchAction","target":{"@type":"EntryPoint","urlTemplate":"https:\/\/www.praxis-goelz-satzinger.de\/praxis\/?s={search_term_string}"},"query-input":{"@type":"PropertyValueSpecification","valueRequired":true,"valueName":"search_term_string"}}],"inLanguage":"de"},{"@type":"Organization","@id":"https:\/\/www.praxis-goelz-satzinger.de\/praxis\/#organization","name":"Praxis Dr. G\u00f6lz \/ Dr. Satzinger","url":"https:\/\/www.praxis-goelz-satzinger.de\/praxis\/","logo":{"@type":"ImageObject","inLanguage":"de","@id":"https:\/\/www.praxis-goelz-satzinger.de\/praxis\/#\/schema\/logo\/image\/","url":"https:\/\/www.praxis-goelz-satzinger.de\/praxis\/wp-content\/uploads\/2021\/02\/cropped-GS_Logo_RGB-scaled-1.jpg","contentUrl":"https:\/\/www.praxis-goelz-satzinger.de\/praxis\/wp-content\/uploads\/2021\/02\/cropped-GS_Logo_RGB-scaled-1.jpg","width":2560,"height":740,"caption":"Praxis Dr. G\u00f6lz \/ Dr. Satzinger"},"image":{"@id":"https:\/\/www.praxis-goelz-satzinger.de\/praxis\/#\/schema\/logo\/image\/"}}]}},"_links":{"self":[{"href":"https:\/\/www.praxis-goelz-satzinger.de\/praxis\/wp-json\/wp\/v2\/pages\/432","targetHints":{"allow":["GET"]}}],"collection":[{"href":"https:\/\/www.praxis-goelz-satzinger.de\/praxis\/wp-json\/wp\/v2\/pages"}],"about":[{"href":"https:\/\/www.praxis-goelz-satzinger.de\/praxis\/wp-json\/wp\/v2\/types\/page"}],"author":[{"embeddable":true,"href":"https:\/\/www.praxis-goelz-satzinger.de\/praxis\/wp-json\/wp\/v2\/users\/1"}],"replies":[{"embeddable":true,"href":"https:\/\/www.praxis-goelz-satzinger.de\/praxis\/wp-json\/wp\/v2\/comments?post=432"}],"version-history":[{"count":5,"href":"https:\/\/www.praxis-goelz-satzinger.de\/praxis\/wp-json\/wp\/v2\/pages\/432\/revisions"}],"predecessor-version":[{"id":1038,"href":"https:\/\/www.praxis-goelz-satzinger.de\/praxis\/wp-json\/wp\/v2\/pages\/432\/revisions\/1038"}],"wp:featuredmedia":[{"embeddable":true,"href":"https:\/\/www.praxis-goelz-satzinger.de\/praxis\/wp-json\/wp\/v2\/media\/488"}],"wp:attachment":[{"href":"https:\/\/www.praxis-goelz-satzinger.de\/praxis\/wp-json\/wp\/v2\/media?parent=432"}],"curies":[{"name":"wp","href":"https:\/\/api.w.org\/{rel}","templated":true}]}}