{"id":601,"date":"2020-11-10T23:19:41","date_gmt":"2020-11-10T22:19:41","guid":{"rendered":"http:\/\/www.praxis-goelz-satzinger.de\/praxis\/?page_id=601"},"modified":"2021-11-06T22:33:12","modified_gmt":"2021-11-06T21:33:12","slug":"datenschutz","status":"publish","type":"page","link":"https:\/\/www.praxis-goelz-satzinger.de\/praxis\/datenschutz\/","title":{"rendered":"Datenschutz"},"content":{"rendered":"\n<p>Der Schutz Ihrer personenbezogenen Daten ist uns wichtig. Nach der EU-Datenschutz-Grundverordnung (DSGVO) sind wir verpflichtet, Sie dar\u00fcber zu informieren, zu welchem Zweck unsere Praxis Daten erhebt, speichert oder weiterleitet. Der Information k\u00f6nnen Sie auch entnehmen, welche Rechte Sie in puncto Datenschutz haben.<br><br>Die Nutzung dieser Webseite ist in der Regel ohne Angabe personenbezogener Daten m\u00f6glich. Sofern innerhalb des Internetangebotes die M\u00f6glichkeit zur Eingabe pers\u00f6nlicher oder gesch\u00e4ftlicher Daten (Email-Adressen, Namen, Anschriften) besteht, so erfolgt die Preisgabe dieser Daten seitens des Nutzers auf ausdr\u00fccklich freiwilliger Basis. Diese Daten werden ohne Ihre ausdr\u00fcckliche Zustimmung nicht an Dritte weitergegeben.<\/p>\n\n\n\n<h5 class=\"wp-block-heading\"><strong>1. VERANTWORTLICHKEIT F\u00dcR DIE DATENVERARBEITUNG<\/strong><\/h5>\n\n\n\n<p>Verantwortlich f\u00fcr die Datenverarbeitung ist:&nbsp;<\/p>\n\n\n\n<p>Praxis Dr. G\u00f6lz, Dr. Satzinger<br>Marktstra\u00dfe 16<br>89335 Ichenhausen<br>eMail:&nbsp;<a href=\"mailto:info@praxis-goelz-satzinger.de\">info@praxis-goelz-satzinger.de<\/a><br>Tel: 08223 1220<br>Fax: 08223 1310<\/p>\n\n\n\n<p>Sie erreichen die zust\u00e4ndigen Datenschutzbeauftragten unter:&nbsp;<br>Name: Dr. Ingo G\u00f6lz, Dr. Sebastian Satzinger<br>Anschrift wie oben<\/p>\n\n\n\n<h5 class=\"wp-block-heading\"><strong>2. ZWECK DER DATENVERARBEITUNG<\/strong><\/h5>\n\n\n\n<p>Die Datenverarbeitung erfolgt aufgrund gesetzlicher Vorgaben, um den Behandlungsvertrag zwischen Ihnen und Ihrem Arzt und die damit verbundenen Pflichten zu erf\u00fcllen.&nbsp;<\/p>\n\n\n\n<p>Hierzu verarbeiten wir Ihre personenbezogenen Daten, insbesondere Ihre Gesundheitsdaten. Dazu z\u00e4hlen Anamnesen, Diagnosen, Therapievorschl\u00e4ge und Befunde, die wir oder andere \u00c4rzte erheben. Zu diesen Zwecken k\u00f6nnen uns auch andere \u00c4rzte oder Psychotherapeuten, bei denen Sie in Behandlung sind, Daten zur Verf\u00fcgung stellen (z.B. in Arztbriefen).&nbsp;<\/p>\n\n\n\n<p>Die Erhebung von Gesundheitsdaten ist Voraussetzung f\u00fcr Ihre Behandlung. Werden die notwendigen Informationen nicht bereitgestellt, kann eine sorgf\u00e4ltige Behandlung nicht erfolgen.&nbsp;<\/p>\n\n\n\n<h5 class=\"wp-block-heading\"><strong>3. EMPF\u00c4NGER IHRER DATEN<\/strong><\/h5>\n\n\n\n<p>Wir \u00fcbermitteln Ihre personenbezogenen Daten nur dann an Dritte, wenn dies gesetzlich erlaubt ist oder Sie eingewilligt haben.&nbsp;<\/p>\n\n\n\n<p>Empf\u00e4nger Ihrer personenbezogenen Daten k\u00f6nnen vor allem andere \u00c4rzte \/ Psychotherapeuten, Kassen\u00e4rztliche Vereinigungen, Krankenkassen, der Medizinische Dienst der Krankenversicherung, \u00c4rztekammern und privat\u00e4rztliche Verrechnungsstellen sein.&nbsp;<\/p>\n\n\n\n<p>Die \u00dcbermittlung erfolgt \u00fcberwiegend zum Zwecke der Abrechnung der bei Ihnen erbrachten Leistungen, zur Kl\u00e4rung von medizinischen und sich aus Ihrem Versicherungsverh\u00e4ltnis ergebenden Fragen. Im Einzelfall erfolgt die \u00dcbermittlung von Daten an weitere berechtigte Empf\u00e4nger.<\/p>\n\n\n\n<h5 class=\"wp-block-heading\"><strong>4. SPEICHERUNG IHRER DATEN<\/strong><\/h5>\n\n\n\n<p>Wir bewahren Ihre personenbezogenen Daten nur solange auf, wie dies f\u00fcr die Durchf\u00fchrung der Behandlung erforderlich ist.&nbsp;<\/p>\n\n\n\n<p>Aufgrund rechtlicher Vorgaben sind wir dazu verpflichtet, diese Daten mindestens 10 Jahre nach Abschluss der Behandlung aufzubewahren. Nach anderen Vorschriften k\u00f6nnen sich l\u00e4ngere Aufbewahrungsfristen ergeben, zum Beispiel 30 Jahre bei R\u00f6ntgenaufzeichnungen laut Paragraf 28 Absatz 3 der R\u00f6ntgenverordnung.<\/p>\n\n\n\n<h5 class=\"wp-block-heading\"><strong>5. COOKIES<\/strong><\/h5>\n\n\n\n<p>Unsere Seite verwendet keine Cookies. <\/p>\n\n\n\n<h5 class=\"wp-block-heading\"><strong>6. GOOGLE WEB FONTS<\/strong><\/h5>\n\n\n\n<p>Diese Seite nutzt zur einheitlichen Darstellung von Schriftarten so genannte Web Fonts, die von Google bereitgestellt werden. Beim Aufruf einer Seite l\u00e4dt Ihr Browser die ben\u00f6tigten Web Fonts in ihren Browsercache, um Texte und Schriftarten korrekt anzuzeigen.<\/p>\n\n\n\n<p>Zu diesem Zweck muss der von Ihnen verwendete Browser Verbindung zu den Servern von Google aufnehmen. Hierdurch erlangt Google Kenntnis dar\u00fcber, dass \u00fcber Ihre IP-Adresse unsere Website aufgerufen wurde. Die Nutzung von Google Web Fonts erfolgt im Interesse einer einheitlichen und ansprechenden Darstellung unserer Online-Angebote. Dies stellt ein berechtigtes Interesse im Sinne von Art. 6 Abs. 1 lit. f DSGVO dar.<\/p>\n\n\n\n<p>Wenn Ihr Browser Web Fonts nicht unterst\u00fctzt, wird eine Standardschrift von Ihrem Computer genutzt.<\/p>\n\n\n\n<p>Weitere Informationen zu Google Web Fonts finden Sie unter&nbsp;<a href=\"https:\/\/developers.google.com\/fonts\/faq\" target=\"_blank\" rel=\"noreferrer noopener\">https:\/\/developers.google.com\/fonts\/faq<\/a>&nbsp;und in der Datenschutzerkl\u00e4rung von Google:&nbsp;<a href=\"https:\/\/policies.google.com\/privacy?hl=de\" target=\"_blank\" rel=\"noreferrer noopener\">https:\/\/policies.google.com\/privacy?hl=de<\/a>.<\/p>\n\n\n\n<h5 class=\"wp-block-heading\"><strong>7. G<\/strong>OOGLE MAPS<\/h5>\n\n\n\n<p>Diese Seite nutzt \u00fcber eine API den Kartendienst Google Maps. Anbieter ist die Google Ireland Limited (\u201eGoogle\u201c), Gordon House, Barrow Street, Dublin 4, Irland.<\/p>\n\n\n\n<p>Zur Nutzung der Funktionen von Google Maps ist es notwendig, Ihre IP Adresse zu speichern. Diese Informationen werden in der Regel an einen Server von Google in den USA \u00fcbertragen und dort gespeichert. Der Anbieter dieser Seite hat keinen Einfluss auf diese Daten\u00fcbertragung.<\/p>\n\n\n\n<p>Die Nutzung von Google Maps erfolgt im Interesse einer ansprechenden Darstellung unserer Online-Angebote und an einer leichten Auffindbarkeit der von uns auf der Website angegebenen Orte. Dies stellt ein berechtigtes Interesse im Sinne von Art. 6 Abs. 1 lit. f DSGVO dar.<\/p>\n\n\n\n<p>Mehr Informationen zum Umgang mit Nutzerdaten finden Sie in der Datenschutzerkl\u00e4rung von Google:&nbsp;<a href=\"https:\/\/policies.google.com\/privacy?hl=de\" target=\"_blank\" rel=\"noreferrer noopener\">https:\/\/policies.google.com\/privacy?hl=de<\/a>.<\/p>\n\n\n\n<h5 class=\"wp-block-heading\"><strong>8. IHRE RECHTE&nbsp;<\/strong><\/h5>\n\n\n\n<p>Sie haben das Recht, \u00fcber die Sie betreffenden personenbezogenen Daten Auskunft zu erhalten. Auch k\u00f6nnen Sie die Berichtigung unrichtiger Daten verlangen.<\/p>\n\n\n\n<p>Dar\u00fcber hinaus steht Ihnen unter bestimmten Voraussetzungen das Recht auf L\u00f6schung von Daten, das Recht auf Einschr\u00e4nkung der Datenverarbeitung sowie das Recht auf Daten\u00fcbertragbarkeit zu.<\/p>\n\n\n\n<p>Die Verarbeitung Ihrer Daten erfolgt auf Basis von gesetzlichen Regelungen. Nur in Ausnahmef\u00e4llen ben\u00f6tigen wir Ihr Einverst\u00e4ndnis. In diesen F\u00e4llen haben Sie das Recht, die Einwilligung f\u00fcr die zuk\u00fcnftige Verarbeitung zu widerrufen.<\/p>\n\n\n\n<p>Sie haben ferner das Recht, sich bei der zust\u00e4ndigen Aufsichtsbeh\u00f6rde f\u00fcr den Datenschutz zu beschweren, wenn Sie der Ansicht sind, dass die Verarbeitung Ihrer personenbezogenen Daten nicht rechtm\u00e4\u00dfig erfolgt.&nbsp;<\/p>\n\n\n\n<h5 class=\"wp-block-heading\"><strong>9. RECHTLICHE GRUNDLAGEN<\/strong><\/h5>\n\n\n\n<p>Rechtsgrundlage f\u00fcr die Verarbeitung Ihrer Daten ist Artikel 9 Absatz 2 lit. h) DSGVO in Verbindung mit Paragraf 22 Absatz 1 Nr. 1 lit. b) Bundesdatenschutzgesetz. Sollten Sie Fragen haben, k\u00f6nnen Sie sich gern an uns wenden.<\/p>\n\n\n\n<p>Ihr Praxisteam&nbsp;<\/p>\n","protected":false},"excerpt":{"rendered":"<p>Der Schutz Ihrer personenbezogenen Daten ist uns wichtig. Nach der EU-Datenschutz-Grundverordnung (DSGVO) sind wir verpflichtet, Sie dar\u00fcber zu informieren, zu welchem Zweck unsere Praxis Daten erhebt, speichert oder weiterleitet. Der Information k\u00f6nnen Sie auch entnehmen, welche Rechte Sie in puncto Datenschutz haben. Die Nutzung dieser Webseite ist in der Regel<span class=\"more-link\"><a href=\"https:\/\/www.praxis-goelz-satzinger.de\/praxis\/datenschutz\/\">Continue Reading<\/a><\/span><\/p>\n","protected":false},"author":1,"featured_media":606,"parent":0,"menu_order":0,"comment_status":"closed","ping_status":"closed","template":"","meta":{"footnotes":""},"class_list":["entry","author-admin","post-601","page","type-page","status-publish","has-post-thumbnail"],"yoast_head":"<!-- This site is optimized with the Yoast SEO plugin v27.4 - https:\/\/yoast.com\/product\/yoast-seo-wordpress\/ -->\n<title>Datenschutz -<\/title>\n<meta name=\"robots\" content=\"index, follow, max-snippet:-1, max-image-preview:large, max-video-preview:-1\" \/>\n<link rel=\"canonical\" href=\"https:\/\/www.praxis-goelz-satzinger.de\/praxis\/datenschutz\/\" \/>\n<meta property=\"og:locale\" content=\"de_DE\" \/>\n<meta property=\"og:type\" content=\"article\" \/>\n<meta property=\"og:title\" content=\"Datenschutz -\" \/>\n<meta property=\"og:description\" content=\"Der Schutz Ihrer personenbezogenen Daten ist uns wichtig. Nach der EU-Datenschutz-Grundverordnung (DSGVO) sind wir verpflichtet, Sie dar\u00fcber zu informieren, zu welchem Zweck unsere Praxis Daten erhebt, speichert oder weiterleitet. Der Information k\u00f6nnen Sie auch entnehmen, welche Rechte Sie in puncto Datenschutz haben. Die Nutzung dieser Webseite ist in der RegelContinue Reading\" \/>\n<meta property=\"og:url\" content=\"https:\/\/www.praxis-goelz-satzinger.de\/praxis\/datenschutz\/\" \/>\n<meta property=\"article:modified_time\" content=\"2021-11-06T21:33:12+00:00\" \/>\n<meta property=\"og:image\" content=\"https:\/\/www.praxis-goelz-satzinger.de\/praxis\/wp-content\/uploads\/2020\/11\/Datenschutz.jpg\" \/>\n\t<meta property=\"og:image:width\" content=\"1440\" \/>\n\t<meta property=\"og:image:height\" content=\"508\" \/>\n\t<meta property=\"og:image:type\" content=\"image\/jpeg\" \/>\n<meta name=\"twitter:card\" content=\"summary_large_image\" \/>\n<meta name=\"twitter:label1\" content=\"Gesch\u00e4tzte Lesezeit\" \/>\n\t<meta name=\"twitter:data1\" content=\"4\u00a0Minuten\" \/>\n<script type=\"application\/ld+json\" class=\"yoast-schema-graph\">{\"@context\":\"https:\\\/\\\/schema.org\",\"@graph\":[{\"@type\":\"WebPage\",\"@id\":\"https:\\\/\\\/www.praxis-goelz-satzinger.de\\\/praxis\\\/datenschutz\\\/\",\"url\":\"https:\\\/\\\/www.praxis-goelz-satzinger.de\\\/praxis\\\/datenschutz\\\/\",\"name\":\"Datenschutz -\",\"isPartOf\":{\"@id\":\"https:\\\/\\\/www.praxis-goelz-satzinger.de\\\/praxis\\\/#website\"},\"primaryImageOfPage\":{\"@id\":\"https:\\\/\\\/www.praxis-goelz-satzinger.de\\\/praxis\\\/datenschutz\\\/#primaryimage\"},\"image\":{\"@id\":\"https:\\\/\\\/www.praxis-goelz-satzinger.de\\\/praxis\\\/datenschutz\\\/#primaryimage\"},\"thumbnailUrl\":\"https:\\\/\\\/www.praxis-goelz-satzinger.de\\\/praxis\\\/wp-content\\\/uploads\\\/2020\\\/11\\\/Datenschutz.jpg\",\"datePublished\":\"2020-11-10T22:19:41+00:00\",\"dateModified\":\"2021-11-06T21:33:12+00:00\",\"breadcrumb\":{\"@id\":\"https:\\\/\\\/www.praxis-goelz-satzinger.de\\\/praxis\\\/datenschutz\\\/#breadcrumb\"},\"inLanguage\":\"de\",\"potentialAction\":[{\"@type\":\"ReadAction\",\"target\":[\"https:\\\/\\\/www.praxis-goelz-satzinger.de\\\/praxis\\\/datenschutz\\\/\"]}]},{\"@type\":\"ImageObject\",\"inLanguage\":\"de\",\"@id\":\"https:\\\/\\\/www.praxis-goelz-satzinger.de\\\/praxis\\\/datenschutz\\\/#primaryimage\",\"url\":\"https:\\\/\\\/www.praxis-goelz-satzinger.de\\\/praxis\\\/wp-content\\\/uploads\\\/2020\\\/11\\\/Datenschutz.jpg\",\"contentUrl\":\"https:\\\/\\\/www.praxis-goelz-satzinger.de\\\/praxis\\\/wp-content\\\/uploads\\\/2020\\\/11\\\/Datenschutz.jpg\",\"width\":1440,\"height\":508},{\"@type\":\"BreadcrumbList\",\"@id\":\"https:\\\/\\\/www.praxis-goelz-satzinger.de\\\/praxis\\\/datenschutz\\\/#breadcrumb\",\"itemListElement\":[{\"@type\":\"ListItem\",\"position\":1,\"name\":\"Startseite\",\"item\":\"https:\\\/\\\/www.praxis-goelz-satzinger.de\\\/praxis\\\/\"},{\"@type\":\"ListItem\",\"position\":2,\"name\":\"Datenschutz\"}]},{\"@type\":\"WebSite\",\"@id\":\"https:\\\/\\\/www.praxis-goelz-satzinger.de\\\/praxis\\\/#website\",\"url\":\"https:\\\/\\\/www.praxis-goelz-satzinger.de\\\/praxis\\\/\",\"name\":\"Praxis Dr. G\u00f6lz \\\/ Dr. Satzinger\",\"description\":\"\",\"publisher\":{\"@id\":\"https:\\\/\\\/www.praxis-goelz-satzinger.de\\\/praxis\\\/#organization\"},\"potentialAction\":[{\"@type\":\"SearchAction\",\"target\":{\"@type\":\"EntryPoint\",\"urlTemplate\":\"https:\\\/\\\/www.praxis-goelz-satzinger.de\\\/praxis\\\/?s={search_term_string}\"},\"query-input\":{\"@type\":\"PropertyValueSpecification\",\"valueRequired\":true,\"valueName\":\"search_term_string\"}}],\"inLanguage\":\"de\"},{\"@type\":\"Organization\",\"@id\":\"https:\\\/\\\/www.praxis-goelz-satzinger.de\\\/praxis\\\/#organization\",\"name\":\"Praxis Dr. G\u00f6lz \\\/ Dr. Satzinger\",\"url\":\"https:\\\/\\\/www.praxis-goelz-satzinger.de\\\/praxis\\\/\",\"logo\":{\"@type\":\"ImageObject\",\"inLanguage\":\"de\",\"@id\":\"https:\\\/\\\/www.praxis-goelz-satzinger.de\\\/praxis\\\/#\\\/schema\\\/logo\\\/image\\\/\",\"url\":\"https:\\\/\\\/www.praxis-goelz-satzinger.de\\\/praxis\\\/wp-content\\\/uploads\\\/2021\\\/02\\\/cropped-GS_Logo_RGB-scaled-1.jpg\",\"contentUrl\":\"https:\\\/\\\/www.praxis-goelz-satzinger.de\\\/praxis\\\/wp-content\\\/uploads\\\/2021\\\/02\\\/cropped-GS_Logo_RGB-scaled-1.jpg\",\"width\":2560,\"height\":740,\"caption\":\"Praxis Dr. G\u00f6lz \\\/ Dr. Satzinger\"},\"image\":{\"@id\":\"https:\\\/\\\/www.praxis-goelz-satzinger.de\\\/praxis\\\/#\\\/schema\\\/logo\\\/image\\\/\"}}]}<\/script>\n<!-- \/ Yoast SEO plugin. -->","yoast_head_json":{"title":"Datenschutz -","robots":{"index":"index","follow":"follow","max-snippet":"max-snippet:-1","max-image-preview":"max-image-preview:large","max-video-preview":"max-video-preview:-1"},"canonical":"https:\/\/www.praxis-goelz-satzinger.de\/praxis\/datenschutz\/","og_locale":"de_DE","og_type":"article","og_title":"Datenschutz -","og_description":"Der Schutz Ihrer personenbezogenen Daten ist uns wichtig. Nach der EU-Datenschutz-Grundverordnung (DSGVO) sind wir verpflichtet, Sie dar\u00fcber zu informieren, zu welchem Zweck unsere Praxis Daten erhebt, speichert oder weiterleitet. Der Information k\u00f6nnen Sie auch entnehmen, welche Rechte Sie in puncto Datenschutz haben. Die Nutzung dieser Webseite ist in der RegelContinue Reading","og_url":"https:\/\/www.praxis-goelz-satzinger.de\/praxis\/datenschutz\/","article_modified_time":"2021-11-06T21:33:12+00:00","og_image":[{"width":1440,"height":508,"url":"https:\/\/www.praxis-goelz-satzinger.de\/praxis\/wp-content\/uploads\/2020\/11\/Datenschutz.jpg","type":"image\/jpeg"}],"twitter_card":"summary_large_image","twitter_misc":{"Gesch\u00e4tzte Lesezeit":"4\u00a0Minuten"},"schema":{"@context":"https:\/\/schema.org","@graph":[{"@type":"WebPage","@id":"https:\/\/www.praxis-goelz-satzinger.de\/praxis\/datenschutz\/","url":"https:\/\/www.praxis-goelz-satzinger.de\/praxis\/datenschutz\/","name":"Datenschutz -","isPartOf":{"@id":"https:\/\/www.praxis-goelz-satzinger.de\/praxis\/#website"},"primaryImageOfPage":{"@id":"https:\/\/www.praxis-goelz-satzinger.de\/praxis\/datenschutz\/#primaryimage"},"image":{"@id":"https:\/\/www.praxis-goelz-satzinger.de\/praxis\/datenschutz\/#primaryimage"},"thumbnailUrl":"https:\/\/www.praxis-goelz-satzinger.de\/praxis\/wp-content\/uploads\/2020\/11\/Datenschutz.jpg","datePublished":"2020-11-10T22:19:41+00:00","dateModified":"2021-11-06T21:33:12+00:00","breadcrumb":{"@id":"https:\/\/www.praxis-goelz-satzinger.de\/praxis\/datenschutz\/#breadcrumb"},"inLanguage":"de","potentialAction":[{"@type":"ReadAction","target":["https:\/\/www.praxis-goelz-satzinger.de\/praxis\/datenschutz\/"]}]},{"@type":"ImageObject","inLanguage":"de","@id":"https:\/\/www.praxis-goelz-satzinger.de\/praxis\/datenschutz\/#primaryimage","url":"https:\/\/www.praxis-goelz-satzinger.de\/praxis\/wp-content\/uploads\/2020\/11\/Datenschutz.jpg","contentUrl":"https:\/\/www.praxis-goelz-satzinger.de\/praxis\/wp-content\/uploads\/2020\/11\/Datenschutz.jpg","width":1440,"height":508},{"@type":"BreadcrumbList","@id":"https:\/\/www.praxis-goelz-satzinger.de\/praxis\/datenschutz\/#breadcrumb","itemListElement":[{"@type":"ListItem","position":1,"name":"Startseite","item":"https:\/\/www.praxis-goelz-satzinger.de\/praxis\/"},{"@type":"ListItem","position":2,"name":"Datenschutz"}]},{"@type":"WebSite","@id":"https:\/\/www.praxis-goelz-satzinger.de\/praxis\/#website","url":"https:\/\/www.praxis-goelz-satzinger.de\/praxis\/","name":"Praxis Dr. G\u00f6lz \/ Dr. Satzinger","description":"","publisher":{"@id":"https:\/\/www.praxis-goelz-satzinger.de\/praxis\/#organization"},"potentialAction":[{"@type":"SearchAction","target":{"@type":"EntryPoint","urlTemplate":"https:\/\/www.praxis-goelz-satzinger.de\/praxis\/?s={search_term_string}"},"query-input":{"@type":"PropertyValueSpecification","valueRequired":true,"valueName":"search_term_string"}}],"inLanguage":"de"},{"@type":"Organization","@id":"https:\/\/www.praxis-goelz-satzinger.de\/praxis\/#organization","name":"Praxis Dr. G\u00f6lz \/ Dr. Satzinger","url":"https:\/\/www.praxis-goelz-satzinger.de\/praxis\/","logo":{"@type":"ImageObject","inLanguage":"de","@id":"https:\/\/www.praxis-goelz-satzinger.de\/praxis\/#\/schema\/logo\/image\/","url":"https:\/\/www.praxis-goelz-satzinger.de\/praxis\/wp-content\/uploads\/2021\/02\/cropped-GS_Logo_RGB-scaled-1.jpg","contentUrl":"https:\/\/www.praxis-goelz-satzinger.de\/praxis\/wp-content\/uploads\/2021\/02\/cropped-GS_Logo_RGB-scaled-1.jpg","width":2560,"height":740,"caption":"Praxis Dr. G\u00f6lz \/ Dr. Satzinger"},"image":{"@id":"https:\/\/www.praxis-goelz-satzinger.de\/praxis\/#\/schema\/logo\/image\/"}}]}},"_links":{"self":[{"href":"https:\/\/www.praxis-goelz-satzinger.de\/praxis\/wp-json\/wp\/v2\/pages\/601","targetHints":{"allow":["GET"]}}],"collection":[{"href":"https:\/\/www.praxis-goelz-satzinger.de\/praxis\/wp-json\/wp\/v2\/pages"}],"about":[{"href":"https:\/\/www.praxis-goelz-satzinger.de\/praxis\/wp-json\/wp\/v2\/types\/page"}],"author":[{"embeddable":true,"href":"https:\/\/www.praxis-goelz-satzinger.de\/praxis\/wp-json\/wp\/v2\/users\/1"}],"replies":[{"embeddable":true,"href":"https:\/\/www.praxis-goelz-satzinger.de\/praxis\/wp-json\/wp\/v2\/comments?post=601"}],"version-history":[{"count":7,"href":"https:\/\/www.praxis-goelz-satzinger.de\/praxis\/wp-json\/wp\/v2\/pages\/601\/revisions"}],"predecessor-version":[{"id":978,"href":"https:\/\/www.praxis-goelz-satzinger.de\/praxis\/wp-json\/wp\/v2\/pages\/601\/revisions\/978"}],"wp:featuredmedia":[{"embeddable":true,"href":"https:\/\/www.praxis-goelz-satzinger.de\/praxis\/wp-json\/wp\/v2\/media\/606"}],"wp:attachment":[{"href":"https:\/\/www.praxis-goelz-satzinger.de\/praxis\/wp-json\/wp\/v2\/media?parent=601"}],"curies":[{"name":"wp","href":"https:\/\/api.w.org\/{rel}","templated":true}]}}