{"id":85,"date":"2020-06-28T10:09:57","date_gmt":"2020-06-28T10:09:57","guid":{"rendered":"http:\/\/www.praxis-goelz-satzinger.de\/praxis\/?page_id=85"},"modified":"2025-04-17T12:57:30","modified_gmt":"2025-04-17T10:57:30","slug":"anfahrt","status":"publish","type":"page","link":"https:\/\/www.praxis-goelz-satzinger.de\/praxis\/anfahrt\/","title":{"rendered":"Anfahrt zu unserer Praxis"},"content":{"rendered":"\n<p>Unsere Praxis befindet sich zwischen G\u00fcnzburg und Krumbach, im Herzen von Ichenhausen, gegen\u00fcber der Sparkasse, \u00fcber der <a href=\"https:\/\/www.kronen-apotheke.de\/uploads\/tx_templavoila\/melz_header_1900x630_10.jpg\">Kronen-Apotheke.<\/a><a href=\"https:\/\/www.google.com\/maps\/place\/Kronen+Apotheke\/@48.37146,10.30525,3a,75y,90t\/data=!3m8!1e2!3m6!1sAF1QipMKjmMJqynT32zFnyS1lRayub_1BHd7waVX-hoq!2e10!3e12!6shttps:%2F%2Flh5.googleusercontent.com%2Fp%2FAF1QipMKjmMJqynT32zFnyS1lRayub_1BHd7waVX-hoq%3Dw203-h135-k-no!7i2048!8i1365!4m13!1m7!3m6!1s0x4799508cbfcab1c5:0x8f6ab7a79b9d2e51!2sMarktstra%C3%9Fe+16,+89335+Ichenhausen,+Deutschland!3b1!8m2!3d48.3713822!4d10.3051943!3m4!1s0x4799508cbf742089:0x76bb9f2fc7445aad!8m2!3d48.37146!4d10.30525?hl=de#\"> <\/a><br>Ein Aufzug im Haus ist vorhanden.<br>Vom Bahnhof Ichenhausen ist sie fu\u00dfl\u00e4ufig (450 meter\/ ca. 5 Minuten) zu erreichen.<br>Eine Parkm\u00f6glichkeit finden Sie in der kostenlosen <a href=\"https:\/\/www.augsburger-allgemeine.de\/img\/guenzburg\/crop34621592\/3466561420-cv16_9-w1880\/Copy-20of-20TG-Ichenhausen.jpg\">Tiefgarage<\/a> neben unserem Haus. Die Zufahrt zur Tiefgarage erfolgt \u00fcber die Stra\u00dfe Badberg.<\/p>\n\n\n\n<p>Die Anfahrtskizze zu der Praxis finden Sie nachfolgend.<\/p>\n\n\n\n<p><strong>Praxis Dr. G\u00f6lz, Dr. Satzinger<br>Marktstra\u00dfe 16<br>1. Etage (Aufzug)<br>89335 Ichenhausen<\/strong><br><br><strong>Tel: 08223 1220<br>Fax: 08223 1310<\/strong><\/p>\n\n\n\n<p><\/p>\n\n\n<p><iframe loading=\"lazy\" style=\"border: 0;\" tabindex=\"0\" src=\"https:\/\/www.google.com\/maps\/embed?pb=!1m18!1m12!1m3!1d635.0000184410927!2d10.30464712733793!3d48.371382179242794!2m3!1f0!2f0!3f0!3m2!1i1024!2i768!4f13.1!3m3!1m2!1s0x4799508cbfcab1c5%3A0x8f6ab7a79b9d2e51!2sMarktstra%C3%9Fe%2016%2C%2089335%20Ichenhausen!5e1!3m2!1sde!2sde!4v1593426258330!5m2!1sde!2sde\" width=\"600\" height=\"450\" frameborder=\"0\" allowfullscreen=\"allowfullscreen\" aria-hidden=\"false\"><\/iframe><\/p>","protected":false},"excerpt":{"rendered":"<p>Unsere Praxis befindet sich zwischen G\u00fcnzburg und Krumbach, im Herzen von Ichenhausen, gegen\u00fcber der Sparkasse, \u00fcber der Kronen-Apotheke. Ein Aufzug im Haus ist vorhanden.Vom Bahnhof Ichenhausen ist sie fu\u00dfl\u00e4ufig (450 meter\/ ca. 5 Minuten) zu erreichen.Eine Parkm\u00f6glichkeit finden Sie in der kostenlosen Tiefgarage neben unserem Haus. Die Zufahrt zur Tiefgarage<span class=\"more-link\"><a href=\"https:\/\/www.praxis-goelz-satzinger.de\/praxis\/anfahrt\/\">Continue Reading<\/a><\/span><\/p>\n","protected":false},"author":1,"featured_media":607,"parent":0,"menu_order":0,"comment_status":"closed","ping_status":"closed","template":"","meta":{"footnotes":""},"class_list":["entry","author-admin","post-85","page","type-page","status-publish","has-post-thumbnail"],"yoast_head":"<!-- This site is optimized with the Yoast SEO plugin v27.6 - https:\/\/yoast.com\/product\/yoast-seo-wordpress\/ -->\n<title>Anfahrt zu unserer Praxis -<\/title>\n<meta name=\"robots\" content=\"index, follow, max-snippet:-1, max-image-preview:large, max-video-preview:-1\" \/>\n<link rel=\"canonical\" href=\"https:\/\/www.praxis-goelz-satzinger.de\/praxis\/anfahrt\/\" \/>\n<meta property=\"og:locale\" content=\"de_DE\" \/>\n<meta property=\"og:type\" content=\"article\" \/>\n<meta property=\"og:title\" content=\"Anfahrt zu unserer Praxis -\" \/>\n<meta property=\"og:description\" content=\"Unsere Praxis befindet sich zwischen G\u00fcnzburg und Krumbach, im Herzen von Ichenhausen, gegen\u00fcber der Sparkasse, \u00fcber der Kronen-Apotheke. Ein Aufzug im Haus ist vorhanden.Vom Bahnhof Ichenhausen ist sie fu\u00dfl\u00e4ufig (450 meter\/ ca. 5 Minuten) zu erreichen.Eine Parkm\u00f6glichkeit finden Sie in der kostenlosen Tiefgarage neben unserem Haus. Die Zufahrt zur TiefgarageContinue Reading\" \/>\n<meta property=\"og:url\" content=\"https:\/\/www.praxis-goelz-satzinger.de\/praxis\/anfahrt\/\" \/>\n<meta property=\"article:modified_time\" content=\"2025-04-17T10:57:30+00:00\" \/>\n<meta property=\"og:image\" content=\"https:\/\/www.praxis-goelz-satzinger.de\/praxis\/wp-content\/uploads\/2020\/11\/Pfeile.jpg\" \/>\n\t<meta property=\"og:image:width\" content=\"1440\" \/>\n\t<meta property=\"og:image:height\" content=\"500\" \/>\n\t<meta property=\"og:image:type\" content=\"image\/jpeg\" \/>\n<meta name=\"twitter:card\" content=\"summary_large_image\" \/>\n<script type=\"application\/ld+json\" class=\"yoast-schema-graph\">{\"@context\":\"https:\\\/\\\/schema.org\",\"@graph\":[{\"@type\":\"WebPage\",\"@id\":\"https:\\\/\\\/www.praxis-goelz-satzinger.de\\\/praxis\\\/anfahrt\\\/\",\"url\":\"https:\\\/\\\/www.praxis-goelz-satzinger.de\\\/praxis\\\/anfahrt\\\/\",\"name\":\"Anfahrt zu unserer Praxis -\",\"isPartOf\":{\"@id\":\"https:\\\/\\\/www.praxis-goelz-satzinger.de\\\/praxis\\\/#website\"},\"primaryImageOfPage\":{\"@id\":\"https:\\\/\\\/www.praxis-goelz-satzinger.de\\\/praxis\\\/anfahrt\\\/#primaryimage\"},\"image\":{\"@id\":\"https:\\\/\\\/www.praxis-goelz-satzinger.de\\\/praxis\\\/anfahrt\\\/#primaryimage\"},\"thumbnailUrl\":\"https:\\\/\\\/www.praxis-goelz-satzinger.de\\\/praxis\\\/wp-content\\\/uploads\\\/2020\\\/11\\\/Pfeile.jpg\",\"datePublished\":\"2020-06-28T10:09:57+00:00\",\"dateModified\":\"2025-04-17T10:57:30+00:00\",\"breadcrumb\":{\"@id\":\"https:\\\/\\\/www.praxis-goelz-satzinger.de\\\/praxis\\\/anfahrt\\\/#breadcrumb\"},\"inLanguage\":\"de\",\"potentialAction\":[{\"@type\":\"ReadAction\",\"target\":[\"https:\\\/\\\/www.praxis-goelz-satzinger.de\\\/praxis\\\/anfahrt\\\/\"]}]},{\"@type\":\"ImageObject\",\"inLanguage\":\"de\",\"@id\":\"https:\\\/\\\/www.praxis-goelz-satzinger.de\\\/praxis\\\/anfahrt\\\/#primaryimage\",\"url\":\"https:\\\/\\\/www.praxis-goelz-satzinger.de\\\/praxis\\\/wp-content\\\/uploads\\\/2020\\\/11\\\/Pfeile.jpg\",\"contentUrl\":\"https:\\\/\\\/www.praxis-goelz-satzinger.de\\\/praxis\\\/wp-content\\\/uploads\\\/2020\\\/11\\\/Pfeile.jpg\",\"width\":1440,\"height\":500,\"caption\":\"Pfeile in alle Richtungen Farbige Pfeile weisen in alle Richtungen!\"},{\"@type\":\"BreadcrumbList\",\"@id\":\"https:\\\/\\\/www.praxis-goelz-satzinger.de\\\/praxis\\\/anfahrt\\\/#breadcrumb\",\"itemListElement\":[{\"@type\":\"ListItem\",\"position\":1,\"name\":\"Startseite\",\"item\":\"https:\\\/\\\/www.praxis-goelz-satzinger.de\\\/praxis\\\/\"},{\"@type\":\"ListItem\",\"position\":2,\"name\":\"Anfahrt zu unserer Praxis\"}]},{\"@type\":\"WebSite\",\"@id\":\"https:\\\/\\\/www.praxis-goelz-satzinger.de\\\/praxis\\\/#website\",\"url\":\"https:\\\/\\\/www.praxis-goelz-satzinger.de\\\/praxis\\\/\",\"name\":\"Praxis Dr. G\u00f6lz \\\/ Dr. Satzinger\",\"description\":\"\",\"publisher\":{\"@id\":\"https:\\\/\\\/www.praxis-goelz-satzinger.de\\\/praxis\\\/#organization\"},\"potentialAction\":[{\"@type\":\"SearchAction\",\"target\":{\"@type\":\"EntryPoint\",\"urlTemplate\":\"https:\\\/\\\/www.praxis-goelz-satzinger.de\\\/praxis\\\/?s={search_term_string}\"},\"query-input\":{\"@type\":\"PropertyValueSpecification\",\"valueRequired\":true,\"valueName\":\"search_term_string\"}}],\"inLanguage\":\"de\"},{\"@type\":\"Organization\",\"@id\":\"https:\\\/\\\/www.praxis-goelz-satzinger.de\\\/praxis\\\/#organization\",\"name\":\"Praxis Dr. G\u00f6lz \\\/ Dr. Satzinger\",\"url\":\"https:\\\/\\\/www.praxis-goelz-satzinger.de\\\/praxis\\\/\",\"logo\":{\"@type\":\"ImageObject\",\"inLanguage\":\"de\",\"@id\":\"https:\\\/\\\/www.praxis-goelz-satzinger.de\\\/praxis\\\/#\\\/schema\\\/logo\\\/image\\\/\",\"url\":\"https:\\\/\\\/www.praxis-goelz-satzinger.de\\\/praxis\\\/wp-content\\\/uploads\\\/2021\\\/02\\\/cropped-GS_Logo_RGB-scaled-1.jpg\",\"contentUrl\":\"https:\\\/\\\/www.praxis-goelz-satzinger.de\\\/praxis\\\/wp-content\\\/uploads\\\/2021\\\/02\\\/cropped-GS_Logo_RGB-scaled-1.jpg\",\"width\":2560,\"height\":740,\"caption\":\"Praxis Dr. G\u00f6lz \\\/ Dr. Satzinger\"},\"image\":{\"@id\":\"https:\\\/\\\/www.praxis-goelz-satzinger.de\\\/praxis\\\/#\\\/schema\\\/logo\\\/image\\\/\"}}]}<\/script>\n<!-- \/ Yoast SEO plugin. -->","yoast_head_json":{"title":"Anfahrt zu unserer Praxis -","robots":{"index":"index","follow":"follow","max-snippet":"max-snippet:-1","max-image-preview":"max-image-preview:large","max-video-preview":"max-video-preview:-1"},"canonical":"https:\/\/www.praxis-goelz-satzinger.de\/praxis\/anfahrt\/","og_locale":"de_DE","og_type":"article","og_title":"Anfahrt zu unserer Praxis -","og_description":"Unsere Praxis befindet sich zwischen G\u00fcnzburg und Krumbach, im Herzen von Ichenhausen, gegen\u00fcber der Sparkasse, \u00fcber der Kronen-Apotheke. Ein Aufzug im Haus ist vorhanden.Vom Bahnhof Ichenhausen ist sie fu\u00dfl\u00e4ufig (450 meter\/ ca. 5 Minuten) zu erreichen.Eine Parkm\u00f6glichkeit finden Sie in der kostenlosen Tiefgarage neben unserem Haus. Die Zufahrt zur TiefgarageContinue Reading","og_url":"https:\/\/www.praxis-goelz-satzinger.de\/praxis\/anfahrt\/","article_modified_time":"2025-04-17T10:57:30+00:00","og_image":[{"width":1440,"height":500,"url":"https:\/\/www.praxis-goelz-satzinger.de\/praxis\/wp-content\/uploads\/2020\/11\/Pfeile.jpg","type":"image\/jpeg"}],"twitter_card":"summary_large_image","schema":{"@context":"https:\/\/schema.org","@graph":[{"@type":"WebPage","@id":"https:\/\/www.praxis-goelz-satzinger.de\/praxis\/anfahrt\/","url":"https:\/\/www.praxis-goelz-satzinger.de\/praxis\/anfahrt\/","name":"Anfahrt zu unserer Praxis -","isPartOf":{"@id":"https:\/\/www.praxis-goelz-satzinger.de\/praxis\/#website"},"primaryImageOfPage":{"@id":"https:\/\/www.praxis-goelz-satzinger.de\/praxis\/anfahrt\/#primaryimage"},"image":{"@id":"https:\/\/www.praxis-goelz-satzinger.de\/praxis\/anfahrt\/#primaryimage"},"thumbnailUrl":"https:\/\/www.praxis-goelz-satzinger.de\/praxis\/wp-content\/uploads\/2020\/11\/Pfeile.jpg","datePublished":"2020-06-28T10:09:57+00:00","dateModified":"2025-04-17T10:57:30+00:00","breadcrumb":{"@id":"https:\/\/www.praxis-goelz-satzinger.de\/praxis\/anfahrt\/#breadcrumb"},"inLanguage":"de","potentialAction":[{"@type":"ReadAction","target":["https:\/\/www.praxis-goelz-satzinger.de\/praxis\/anfahrt\/"]}]},{"@type":"ImageObject","inLanguage":"de","@id":"https:\/\/www.praxis-goelz-satzinger.de\/praxis\/anfahrt\/#primaryimage","url":"https:\/\/www.praxis-goelz-satzinger.de\/praxis\/wp-content\/uploads\/2020\/11\/Pfeile.jpg","contentUrl":"https:\/\/www.praxis-goelz-satzinger.de\/praxis\/wp-content\/uploads\/2020\/11\/Pfeile.jpg","width":1440,"height":500,"caption":"Pfeile in alle Richtungen Farbige Pfeile weisen in alle Richtungen!"},{"@type":"BreadcrumbList","@id":"https:\/\/www.praxis-goelz-satzinger.de\/praxis\/anfahrt\/#breadcrumb","itemListElement":[{"@type":"ListItem","position":1,"name":"Startseite","item":"https:\/\/www.praxis-goelz-satzinger.de\/praxis\/"},{"@type":"ListItem","position":2,"name":"Anfahrt zu unserer Praxis"}]},{"@type":"WebSite","@id":"https:\/\/www.praxis-goelz-satzinger.de\/praxis\/#website","url":"https:\/\/www.praxis-goelz-satzinger.de\/praxis\/","name":"Praxis Dr. G\u00f6lz \/ Dr. Satzinger","description":"","publisher":{"@id":"https:\/\/www.praxis-goelz-satzinger.de\/praxis\/#organization"},"potentialAction":[{"@type":"SearchAction","target":{"@type":"EntryPoint","urlTemplate":"https:\/\/www.praxis-goelz-satzinger.de\/praxis\/?s={search_term_string}"},"query-input":{"@type":"PropertyValueSpecification","valueRequired":true,"valueName":"search_term_string"}}],"inLanguage":"de"},{"@type":"Organization","@id":"https:\/\/www.praxis-goelz-satzinger.de\/praxis\/#organization","name":"Praxis Dr. G\u00f6lz \/ Dr. Satzinger","url":"https:\/\/www.praxis-goelz-satzinger.de\/praxis\/","logo":{"@type":"ImageObject","inLanguage":"de","@id":"https:\/\/www.praxis-goelz-satzinger.de\/praxis\/#\/schema\/logo\/image\/","url":"https:\/\/www.praxis-goelz-satzinger.de\/praxis\/wp-content\/uploads\/2021\/02\/cropped-GS_Logo_RGB-scaled-1.jpg","contentUrl":"https:\/\/www.praxis-goelz-satzinger.de\/praxis\/wp-content\/uploads\/2021\/02\/cropped-GS_Logo_RGB-scaled-1.jpg","width":2560,"height":740,"caption":"Praxis Dr. G\u00f6lz \/ Dr. Satzinger"},"image":{"@id":"https:\/\/www.praxis-goelz-satzinger.de\/praxis\/#\/schema\/logo\/image\/"}}]}},"_links":{"self":[{"href":"https:\/\/www.praxis-goelz-satzinger.de\/praxis\/wp-json\/wp\/v2\/pages\/85","targetHints":{"allow":["GET"]}}],"collection":[{"href":"https:\/\/www.praxis-goelz-satzinger.de\/praxis\/wp-json\/wp\/v2\/pages"}],"about":[{"href":"https:\/\/www.praxis-goelz-satzinger.de\/praxis\/wp-json\/wp\/v2\/types\/page"}],"author":[{"embeddable":true,"href":"https:\/\/www.praxis-goelz-satzinger.de\/praxis\/wp-json\/wp\/v2\/users\/1"}],"replies":[{"embeddable":true,"href":"https:\/\/www.praxis-goelz-satzinger.de\/praxis\/wp-json\/wp\/v2\/comments?post=85"}],"version-history":[{"count":21,"href":"https:\/\/www.praxis-goelz-satzinger.de\/praxis\/wp-json\/wp\/v2\/pages\/85\/revisions"}],"predecessor-version":[{"id":772,"href":"https:\/\/www.praxis-goelz-satzinger.de\/praxis\/wp-json\/wp\/v2\/pages\/85\/revisions\/772"}],"wp:featuredmedia":[{"embeddable":true,"href":"https:\/\/www.praxis-goelz-satzinger.de\/praxis\/wp-json\/wp\/v2\/media\/607"}],"wp:attachment":[{"href":"https:\/\/www.praxis-goelz-satzinger.de\/praxis\/wp-json\/wp\/v2\/media?parent=85"}],"curies":[{"name":"wp","href":"https:\/\/api.w.org\/{rel}","templated":true}]}}